{"id":1296,"date":"2020-01-30T22:46:24","date_gmt":"2020-01-30T21:46:24","guid":{"rendered":"http:\/\/dc79.de\/wordpress\/?page_id=1296"},"modified":"2024-03-02T20:04:03","modified_gmt":"2024-03-02T19:04:03","slug":"vereinswertung","status":"publish","type":"page","link":"https:\/\/dc79.de\/wordpress\/vereinswertung\/","title":{"rendered":"Vereinswertung 2024"},"content":{"rendered":"\n<p class=\"has-text-align-left\">Jede\/r Spieler\/in kann bei jedem \u00f6ffentlichen Turnier des DC Hameln 79 e.V. Punkte f\u00fcr seinen Verein sammeln. Pro Teilnahme an einem Turnier erh\u00e4lt der Verein einen Punkt pro Spieler\/in. <\/p>\n\n\n\n<p>Am Jahresende erhalten die 3 Vereine, welche am meisten Punkte gesammelt haben, einen \u00dcberraschungspreis.<\/p>\n\n\n\n<h3 class=\"wp-block-heading\"> Stand der Vereinswertung 2024 (nach 01.03.2024):<\/h3>\n\n\n\n<figure class=\"wp-block-image size-large\"><img fetchpriority=\"high\" decoding=\"async\" width=\"1024\" height=\"1024\" src=\"https:\/\/dc79.de\/wordpress\/wp-content\/uploads\/2024\/03\/Vereinswertung-2024-T1-Stand-01.03.2024-1024x1024.png\" alt=\"\" class=\"wp-image-4380\" srcset=\"https:\/\/dc79.de\/wordpress\/wp-content\/uploads\/2024\/03\/Vereinswertung-2024-T1-Stand-01.03.2024-1024x1024.png 1024w, https:\/\/dc79.de\/wordpress\/wp-content\/uploads\/2024\/03\/Vereinswertung-2024-T1-Stand-01.03.2024-300x300.png 300w, https:\/\/dc79.de\/wordpress\/wp-content\/uploads\/2024\/03\/Vereinswertung-2024-T1-Stand-01.03.2024-150x150.png 150w, https:\/\/dc79.de\/wordpress\/wp-content\/uploads\/2024\/03\/Vereinswertung-2024-T1-Stand-01.03.2024-768x768.png 768w, https:\/\/dc79.de\/wordpress\/wp-content\/uploads\/2024\/03\/Vereinswertung-2024-T1-Stand-01.03.2024.png 1080w\" sizes=\"(max-width: 1024px) 100vw, 1024px\" \/><\/figure>\n\n\n\n<figure class=\"wp-block-image size-large\"><img decoding=\"async\" width=\"1024\" height=\"1024\" src=\"https:\/\/dc79.de\/wordpress\/wp-content\/uploads\/2024\/03\/Vereinswertung-2024-T2-Stand-01.03.2024-1024x1024.png\" alt=\"\" class=\"wp-image-4381\" srcset=\"https:\/\/dc79.de\/wordpress\/wp-content\/uploads\/2024\/03\/Vereinswertung-2024-T2-Stand-01.03.2024-1024x1024.png 1024w, https:\/\/dc79.de\/wordpress\/wp-content\/uploads\/2024\/03\/Vereinswertung-2024-T2-Stand-01.03.2024-300x300.png 300w, https:\/\/dc79.de\/wordpress\/wp-content\/uploads\/2024\/03\/Vereinswertung-2024-T2-Stand-01.03.2024-150x150.png 150w, https:\/\/dc79.de\/wordpress\/wp-content\/uploads\/2024\/03\/Vereinswertung-2024-T2-Stand-01.03.2024-768x768.png 768w, https:\/\/dc79.de\/wordpress\/wp-content\/uploads\/2024\/03\/Vereinswertung-2024-T2-Stand-01.03.2024.png 1080w\" sizes=\"(max-width: 1024px) 100vw, 1024px\" \/><\/figure>\n","protected":false},"excerpt":{"rendered":"","protected":false},"author":2,"featured_media":0,"parent":0,"menu_order":0,"comment_status":"closed","ping_status":"closed","template":"","meta":{"footnotes":""},"_links":{"self":[{"href":"https:\/\/dc79.de\/wordpress\/wp-json\/wp\/v2\/pages\/1296"}],"collection":[{"href":"https:\/\/dc79.de\/wordpress\/wp-json\/wp\/v2\/pages"}],"about":[{"href":"https:\/\/dc79.de\/wordpress\/wp-json\/wp\/v2\/types\/page"}],"author":[{"embeddable":true,"href":"https:\/\/dc79.de\/wordpress\/wp-json\/wp\/v2\/users\/2"}],"replies":[{"embeddable":true,"href":"https:\/\/dc79.de\/wordpress\/wp-json\/wp\/v2\/comments?post=1296"}],"version-history":[{"count":47,"href":"https:\/\/dc79.de\/wordpress\/wp-json\/wp\/v2\/pages\/1296\/revisions"}],"predecessor-version":[{"id":4382,"href":"https:\/\/dc79.de\/wordpress\/wp-json\/wp\/v2\/pages\/1296\/revisions\/4382"}],"wp:attachment":[{"href":"https:\/\/dc79.de\/wordpress\/wp-json\/wp\/v2\/media?parent=1296"}],"curies":[{"name":"wp","href":"https:\/\/api.w.org\/{rel}","templated":true}]}}