{"id":16,"date":"2018-09-15T17:25:35","date_gmt":"2018-09-15T15:25:35","guid":{"rendered":"http:\/\/dc79.de\/wordpress\/?page_id=16"},"modified":"2024-03-02T20:08:55","modified_gmt":"2024-03-02T19:08:55","slug":"uberdendchameln79ev","status":"publish","type":"page","link":"https:\/\/dc79.de\/wordpress\/uberdendchameln79ev\/","title":{"rendered":"\u00dcber den DC Hameln 79 e.V."},"content":{"rendered":"<p><img fetchpriority=\"high\" decoding=\"async\" class=\"aligncenter wp-image-798 size-medium\" src=\"http:\/\/dc79.de\/wordpress\/wp-content\/uploads\/2019\/09\/DC-Hameln-79-2-210x300.png\" alt=\"\" width=\"210\" height=\"300\" srcset=\"https:\/\/dc79.de\/wordpress\/wp-content\/uploads\/2019\/09\/DC-Hameln-79-2-210x300.png 210w, https:\/\/dc79.de\/wordpress\/wp-content\/uploads\/2019\/09\/DC-Hameln-79-2.png 669w\" sizes=\"(max-width: 210px) 100vw, 210px\" \/><\/p>\n<p style=\"text-align: center;\">Willkommen auf der Homepage des DC Hameln 79 e.V., einem der \u00e4ltesten eingetragenen Dartvereine Deutschlands und einem der gr\u00f6\u00dften Dartvereine in Niedersachsen.<\/p>\n<p style=\"text-align: center;\">Informiert Euch gerne auf den folgenden Seiten \u00fcber unseren Verein und den Dartsport im Allgemeinen.<\/p>\n<p style=\"text-align: center;\">Viel Spa\u00df! \ud83d\ude42<\/p>\n","protected":false},"excerpt":{"rendered":"","protected":false},"author":2,"featured_media":0,"parent":0,"menu_order":0,"comment_status":"closed","ping_status":"closed","template":"","meta":{"footnotes":""},"_links":{"self":[{"href":"https:\/\/dc79.de\/wordpress\/wp-json\/wp\/v2\/pages\/16"}],"collection":[{"href":"https:\/\/dc79.de\/wordpress\/wp-json\/wp\/v2\/pages"}],"about":[{"href":"https:\/\/dc79.de\/wordpress\/wp-json\/wp\/v2\/types\/page"}],"author":[{"embeddable":true,"href":"https:\/\/dc79.de\/wordpress\/wp-json\/wp\/v2\/users\/2"}],"replies":[{"embeddable":true,"href":"https:\/\/dc79.de\/wordpress\/wp-json\/wp\/v2\/comments?post=16"}],"version-history":[{"count":10,"href":"https:\/\/dc79.de\/wordpress\/wp-json\/wp\/v2\/pages\/16\/revisions"}],"predecessor-version":[{"id":4389,"href":"https:\/\/dc79.de\/wordpress\/wp-json\/wp\/v2\/pages\/16\/revisions\/4389"}],"wp:attachment":[{"href":"https:\/\/dc79.de\/wordpress\/wp-json\/wp\/v2\/media?parent=16"}],"curies":[{"name":"wp","href":"https:\/\/api.w.org\/{rel}","templated":true}]}}