{"id":1696,"date":"2020-07-27T23:05:39","date_gmt":"2020-07-27T21:05:39","guid":{"rendered":"http:\/\/dc79.de\/wordpress\/?page_id=1696"},"modified":"2023-08-01T16:54:07","modified_gmt":"2023-08-01T14:54:07","slug":"turnieranmeldungen","status":"publish","type":"page","link":"https:\/\/dc79.de\/wordpress\/turnieranmeldungen\/","title":{"rendered":"Turnieranmeldungen"},"content":{"rendered":"\n<p>Seit dem Jahr 2021 kooperieren wir mit der Software My Darts Tournament f\u00fcr unsere Turniere. \u00dcber unsere Turnierseite &#8222;dchameln79.my-darts-tournament.de&#8220; k\u00f6nnt ihr euch selbst direkt zu unseren Turnieren anmelden!<\/p>\n\n\n\n<p class=\"has-text-align-left\">Hier kommt ihr direkt zur Login-Seite f\u00fcr die Turnieranmeldung:<\/p>\n\n\n\n<p><a href=\"https:\/\/dchameln79.my-darts-tournament.de\/mdt\/login_spieler.php\">My Darts Tournament &#8211; DC Hameln 79 e.V. &#8211; Login-Seite f\u00fcr Turnieranmeldungen<\/a><\/p>\n\n\n\n<figure class=\"wp-block-image size-large is-resized\"><a href=\"https:\/\/dchameln79.my-darts-tournament.de\/mdt\/login_spieler.php\"><img fetchpriority=\"high\" decoding=\"async\" src=\"http:\/\/dc79.de\/wordpress\/wp-content\/uploads\/2021\/01\/Seite-Spielerbereich-1024x494.png\" alt=\"\" class=\"wp-image-2210\" width=\"498\" height=\"240\" srcset=\"https:\/\/dc79.de\/wordpress\/wp-content\/uploads\/2021\/01\/Seite-Spielerbereich-1024x494.png 1024w, https:\/\/dc79.de\/wordpress\/wp-content\/uploads\/2021\/01\/Seite-Spielerbereich-300x145.png 300w, https:\/\/dc79.de\/wordpress\/wp-content\/uploads\/2021\/01\/Seite-Spielerbereich-768x371.png 768w, https:\/\/dc79.de\/wordpress\/wp-content\/uploads\/2021\/01\/Seite-Spielerbereich-1536x741.png 1536w, https:\/\/dc79.de\/wordpress\/wp-content\/uploads\/2021\/01\/Seite-Spielerbereich.png 1786w\" sizes=\"(max-width: 498px) 100vw, 498px\" \/><\/a><\/figure>\n\n\n\n<p><\/p>\n\n\n\n<hr class=\"wp-block-separator has-css-opacity is-style-wide\"\/>\n\n\n\n<p><\/p>\n\n\n\n<p><strong>Hierf\u00fcr ben\u00f6tigt ihr einmalig eure eigenen Login-Daten. Wenn ihr noch keine eigenen Login-Daten erhalten habt und welche haben wollt, dann meldet euch bei unserem Medienreferenten <a href=\"mailto:jonathan@dc79.de\">Jonathan Sch\u00fctte<\/a>, oder f\u00fcllt das folgende Kontaktformular aus:<\/strong><\/p>\n\n\n\n<div class=\"wp-block-weforms-form\"><div class=\"wpuf-info\">The form couldn't be found.<\/div><\/div>\n\n\n\n<hr class=\"wp-block-separator has-css-opacity is-style-wide\"\/>\n\n\n\n<p><\/p>\n\n\n\n<p class=\"has-text-align-left\">Hier findet ihr eine ausf\u00fchrliche Anleitung, wie die Turnieranmeldung funktioniert:<\/p>\n\n\n\n<div class=\"wp-block-columns is-layout-flex wp-container-core-columns-is-layout-1 wp-block-columns-is-layout-flex\">\n<div class=\"wp-block-column is-layout-flow wp-block-column-is-layout-flow\" style=\"flex-basis:33.33%\"><div class=\"wp-block-image\">\n<figure class=\"aligncenter size-large is-resized\"><a href=\"http:\/\/dc79.de\/wordpress\/wp-content\/uploads\/2021\/01\/Anleitung-Turnieranmeldung-DC-Hameln-79-e.V.-ueber-My-Darts-Tournament.pdf\"><img decoding=\"async\" src=\"http:\/\/dc79.de\/wordpress\/wp-content\/uploads\/2021\/01\/Screenshot-2021-01-28-124018.jpg\" alt=\"\" class=\"wp-image-2206\" width=\"108\" height=\"109\" srcset=\"https:\/\/dc79.de\/wordpress\/wp-content\/uploads\/2021\/01\/Screenshot-2021-01-28-124018.jpg 181w, https:\/\/dc79.de\/wordpress\/wp-content\/uploads\/2021\/01\/Screenshot-2021-01-28-124018-150x150.jpg 150w\" sizes=\"(max-width: 108px) 100vw, 108px\" \/><\/a><\/figure><\/div><\/div>\n\n\n\n<div class=\"wp-block-column is-layout-flow wp-block-column-is-layout-flow\" style=\"flex-basis:66.66%\">\n<p><a href=\"http:\/\/dc79.de\/wordpress\/wp-content\/uploads\/2021\/01\/Anleitung-Turnieranmeldung-DC-Hameln-79-e.V.-ueber-My-Darts-Tournament.pdf\">Anleitung &#8211; Turnieranmeldung<\/a><\/p>\n<\/div>\n<\/div>\n\n\n\n<p class=\"has-text-align-left\"><a href=\"http:\/\/dc79.de\/wordpress\/wp-content\/uploads\/2021\/01\/Anleitung-Turnieranmeldung-DC-Hameln-79-e.V.-ueber-My-Darts-Tournament.pdf\"><\/a><\/p>\n","protected":false},"excerpt":{"rendered":"","protected":false},"author":2,"featured_media":0,"parent":0,"menu_order":0,"comment_status":"closed","ping_status":"closed","template":"","meta":{"footnotes":""},"_links":{"self":[{"href":"https:\/\/dc79.de\/wordpress\/wp-json\/wp\/v2\/pages\/1696"}],"collection":[{"href":"https:\/\/dc79.de\/wordpress\/wp-json\/wp\/v2\/pages"}],"about":[{"href":"https:\/\/dc79.de\/wordpress\/wp-json\/wp\/v2\/types\/page"}],"author":[{"embeddable":true,"href":"https:\/\/dc79.de\/wordpress\/wp-json\/wp\/v2\/users\/2"}],"replies":[{"embeddable":true,"href":"https:\/\/dc79.de\/wordpress\/wp-json\/wp\/v2\/comments?post=1696"}],"version-history":[{"count":42,"href":"https:\/\/dc79.de\/wordpress\/wp-json\/wp\/v2\/pages\/1696\/revisions"}],"predecessor-version":[{"id":4022,"href":"https:\/\/dc79.de\/wordpress\/wp-json\/wp\/v2\/pages\/1696\/revisions\/4022"}],"wp:attachment":[{"href":"https:\/\/dc79.de\/wordpress\/wp-json\/wp\/v2\/media?parent=1696"}],"curies":[{"name":"wp","href":"https:\/\/api.w.org\/{rel}","templated":true}]}}