{"id":187,"date":"2018-09-15T22:25:58","date_gmt":"2018-09-15T20:25:58","guid":{"rendered":"http:\/\/dc79.de\/wordpress\/?page_id=187"},"modified":"2024-03-22T12:09:21","modified_gmt":"2024-03-22T11:09:21","slug":"zahlenundfakten","status":"publish","type":"page","link":"https:\/\/dc79.de\/wordpress\/uberdendchameln79ev\/zahlenundfakten\/","title":{"rendered":"Zahlen und Fakten"},"content":{"rendered":"\n<figure class=\"wp-block-table alignleft is-style-stripes\"><table><tbody><tr><td>Adresse:<\/td><td>Werftstra\u00dfe 20b, 31789 Hameln<\/td><\/tr><tr><td>Gr\u00fcndungsdatum:<\/td><td>05. Mai 1979<\/td><\/tr><tr><td>Gr\u00fcndungsv\u00e4ter:<\/td><td>&#8211; Klaus-Peter Mei\u00dfner <br>&#8211; Werner Poggensiek <br>&#8211; G\u00fcnter Rehberg <\/td><\/tr><tr><td>aktuelle<br>Mitgliederanzahl:<\/td><td>123 Mitglieder:<br>&#8211; 81 aktiv<br>&#8211; 42 passiv<\/td><\/tr><tr><td>aktuelle<br>Teamanzahl:<\/td><td>6 Teams<br>(Niedersachsen- und Bezirks- und Kreisebene)<\/td><\/tr><tr><td>aktueller<br>Vorsitz:<\/td><td>&#8211; Raphael Daniel (1. Vorsitzender)<br>&#8211; Kevin Otte (2. Vorsitzender\/Schriftf\u00fchrer)<br>&#8211; Viola Pommerin (Kassenwartin)<\/td><\/tr><tr><td>besondere<br>Kennwerte:<\/td><td>&#8211; Einer der \u00e4ltesten Dart-Vereine Deutschlands <br>&#8211; Gr\u00f6\u00dfter Verein im Dartbezirk Hannover (DBH e.V.)<br>&#8211; Gr\u00f6\u00dfter Verein im Nieders\u00e4chsischen Dartverband (NDV e.V.)<br>&#8211; Einer der gr\u00f6\u00dften Vereine im Deutschen Dartverband (DDV e.V.)<\/td><\/tr><tr><td>gr\u00f6\u00dfte<br>Erfolge:<\/td><td>&#8211; DDV-Verbandspokal 2012 &#8211; Sieg<br>&#8211; DDV-Verbandspokal 2011 &#8211; 2. Platz<br>&#8211; DDV-Verbandspokal 2023 &#8211; 3. Platz<br>&#8211; DDV-Pokal 2022 &#8211; 5. Platz<\/td><\/tr><tr><td><\/td><td><\/td><\/tr><\/tbody><\/table><\/figure>\n\n\n\n<p><\/p>\n","protected":false},"excerpt":{"rendered":"","protected":false},"author":2,"featured_media":0,"parent":16,"menu_order":0,"comment_status":"closed","ping_status":"closed","template":"","meta":{"footnotes":""},"_links":{"self":[{"href":"https:\/\/dc79.de\/wordpress\/wp-json\/wp\/v2\/pages\/187"}],"collection":[{"href":"https:\/\/dc79.de\/wordpress\/wp-json\/wp\/v2\/pages"}],"about":[{"href":"https:\/\/dc79.de\/wordpress\/wp-json\/wp\/v2\/types\/page"}],"author":[{"embeddable":true,"href":"https:\/\/dc79.de\/wordpress\/wp-json\/wp\/v2\/users\/2"}],"replies":[{"embeddable":true,"href":"https:\/\/dc79.de\/wordpress\/wp-json\/wp\/v2\/comments?post=187"}],"version-history":[{"count":32,"href":"https:\/\/dc79.de\/wordpress\/wp-json\/wp\/v2\/pages\/187\/revisions"}],"predecessor-version":[{"id":4461,"href":"https:\/\/dc79.de\/wordpress\/wp-json\/wp\/v2\/pages\/187\/revisions\/4461"}],"up":[{"embeddable":true,"href":"https:\/\/dc79.de\/wordpress\/wp-json\/wp\/v2\/pages\/16"}],"wp:attachment":[{"href":"https:\/\/dc79.de\/wordpress\/wp-json\/wp\/v2\/media?parent=187"}],"curies":[{"name":"wp","href":"https:\/\/api.w.org\/{rel}","templated":true}]}}